{"id":879,"date":"2025-08-21T10:34:46","date_gmt":"2025-08-21T08:34:46","guid":{"rendered":"https:\/\/www.dhlstone.com\/?post_type=product&#038;p=879"},"modified":"2025-08-22T04:04:30","modified_gmt":"2025-08-22T02:04:30","slug":"monte-bianco","status":"publish","type":"product","link":"https:\/\/www.dhlstone.com\/?product=monte-bianco","title":{"rendered":"MONTE BIANCO"},"content":{"rendered":"<h1 data-start=\"334\" data-end=\"446\">MONTE BIANCO \u2013 \u0110\u00e1 nung k\u1ebft VASTA s\u1eafc \u0111\u00e1 n\u00fai nguy\u00ean b\u1ea3n | Ph\u00e2n ph\u1ed1i &amp; Thi c\u00f4ng ch\u00ednh h\u00e3ng b\u1edfi DHLSTONE<\/h1>\n<p data-start=\"448\" data-end=\"613\"><strong data-start=\"448\" data-end=\"463\">M\u00e3 s\u1ea3n ph\u1ea9m<\/strong>: MONTE BIANCO<br data-start=\"486\" data-end=\"489\" \/><strong data-start=\"489\" data-end=\"504\">Th\u01b0\u01a1ng hi\u1ec7u<\/strong>: VASTA \u2013 \u0110\u00e1 nung k\u1ebft cao c\u1ea5p<br data-start=\"533\" data-end=\"536\" \/><strong data-start=\"536\" data-end=\"560\">Ph\u00e2n ph\u1ed1i &amp; thi c\u00f4ng<\/strong>: DHLSTONE \u2013 \u0111\u1ed1i t\u00e1c chi\u1ebfn l\u01b0\u1ee3c t\u1ea1i mi\u1ec1n Nam Vi\u1ec7t Nam<\/p>\n<hr data-start=\"615\" data-end=\"618\" \/>\n<h2 data-start=\"620\" data-end=\"700\">1. MONTE BIANCO &#8211; V\u1ebb \u0111\u1eb9p c\u1ee7a s\u1ef1 tinh khi\u1ebft v\u00e0 \u0111\u1ec9nh cao<\/h2>\n<div id=\"model-response-message-contentr_e3e08f139bfbd9e1\" class=\"markdown markdown-main-panel stronger enable-updated-hr-color\" dir=\"ltr\">\n<p>L\u1ea5y c\u1ea3m h\u1ee9ng t\u1eeb v\u1ebb \u0111\u1eb9p h\u00f9ng v\u0129 v\u00e0 tinh khi\u1ebft c\u1ee7a ng\u1ecdn n\u00fai Mont Blanc ph\u1ee7 tuy\u1ebft tr\u1eafng, b\u1ed9 s\u01b0u t\u1eadp <strong>MONTE BIANCO<\/strong> c\u1ee7a Vasta mang \u0111\u1ebfn m\u1ed9t v\u1ebb \u0111\u1eb9p thanh l\u1ecbch v\u00e0 v\u01b0\u1ee3t th\u1eddi gian. Nh\u1eefng \u0111\u01b0\u1eddng v\u00e2n x\u00e1m v\u00e0 v\u00e0ng nh\u1ea1t m\u1ec1m m\u1ea1i, uy\u1ec3n chuy\u1ec3n tr\u00ean n\u1ec1n \u0111\u00e1 tr\u1eafng tinh khi\u1ebft, t\u00e1i hi\u1ec7n l\u1ea1i s\u1ef1 sang tr\u1ecdng v\u00e0 tinh t\u1ebf c\u1ee7a \u0111\u00e1 c\u1ea9m th\u1ea1ch truy\u1ec1n th\u1ed1ng, t\u1ea1o n\u00ean m\u1ed9t kh\u00f4ng gian s\u1ed1ng \u0111\u1eb3ng c\u1ea5p v\u00e0 \u0111\u1ea7y c\u1ea3m h\u1ee9ng. <strong>MONTE BIANCO<\/strong> kh\u00f4ng ch\u1ec9 l\u00e0 m\u1ed9t v\u1eadt li\u1ec7u \u1ed1p l\u00e1t m\u00e0 c\u00f2n l\u00e0 m\u1ed9t tuy\u00ean ng\u00f4n v\u1ec1 phong c\u00e1ch, th\u1ec3 hi\u1ec7n gu th\u1ea9m m\u1ef9 tinh t\u1ebf v\u00e0 \u0111\u1eb3ng c\u1ea5p c\u1ee7a gia ch\u1ee7.<\/p>\n<\/div>\n<hr data-start=\"1255\" data-end=\"1258\" \/>\n<h2 data-start=\"1260\" data-end=\"1309\">2. \u01afu \u0111i\u1ec3m n\u1ed5i b\u1eadt c\u1ee7a \u0111\u00e1 nung k\u1ebft MONTE BIANCO<\/h2>\n<ul data-start=\"1311\" data-end=\"1698\">\n<li data-start=\"1311\" data-end=\"1392\">\n<p data-start=\"1313\" data-end=\"1392\">\u2705 <strong>B\u1ed9 s\u01b0u t\u1eadp m\u00e0u s\u1eafc tinh t\u1ebf<\/strong>: S\u1ef1 k\u1ebft h\u1ee3p gi\u1eefa t\u00f4ng m\u00e0u tr\u1eafng v\u00e0 c\u00e1c \u0111\u01b0\u1eddng v\u00e2n x\u00e1m, v\u00e0ng nh\u1ea1t t\u1ea1o n\u00ean m\u1ed9t b\u1ea3ng m\u00e0u \u0111\u1ea7y cu\u1ed1n h\u00fat v\u00e0 quy\u1ec1n l\u1ef1c.<\/p>\n<\/li>\n<li data-start=\"1393\" data-end=\"1471\">\n<p data-start=\"1395\" data-end=\"1471\">\u2705 <strong>H\u1ecda ti\u1ebft \u0111\u1ed9c \u0111\u00e1o<\/strong>: \u0110\u01b0\u1eddng v\u00e2n \u0111\u00e1 t\u1ef1 nhi\u00ean tinh x\u1ea3o, m\u00f4 ph\u1ecfng v\u1ebb \u0111\u1eb9p c\u1ee7a \u0111\u00e1 c\u1ea9m th\u1ea1ch, mang l\u1ea1i c\u1ea3m gi\u00e1c sang tr\u1ecdng v\u00e0 \u0111\u1ea7y cu\u1ed1n h\u00fat.<\/p>\n<\/li>\n<li data-start=\"1472\" data-end=\"1548\">\n<p data-start=\"1474\" data-end=\"1548\">\u2705 <strong>\u0110\u1ed9 b\u1ec1n v\u01b0\u1ee3t tr\u1ed9i<\/strong>: \u0110\u00e1 <strong>MONTE BIANCO<\/strong> c\u00f3 kh\u1ea3 n\u0103ng ch\u1ed1ng th\u1ea5m, ch\u1ed1ng tr\u1ea7y x\u01b0\u1edbc v\u00e0 ch\u1ecbu \u0111\u01b0\u1ee3c s\u1ef1 t\u00e1c \u0111\u1ed9ng c\u1ee7a th\u1eddi ti\u1ebft, \u0111\u1ea3m b\u1ea3o v\u1ebb \u0111\u1eb9p b\u1ec1n v\u1eefng theo th\u1eddi gian.<\/p>\n<\/li>\n<li data-start=\"1549\" data-end=\"1618\">\n<p data-start=\"1551\" data-end=\"1618\">\u2705 <strong>T\u00ednh \u1ee9ng d\u1ee5ng cao<\/strong>: S\u1ea3n ph\u1ea9m ph\u00f9 h\u1ee3p cho nhi\u1ec1u kh\u00f4ng gian kh\u00e1c nhau, t\u1eeb ph\u00f2ng kh\u00e1ch, ph\u00f2ng ng\u1ee7 \u0111\u1ebfn ph\u00f2ng t\u1eafm, nh\u00e0 b\u1ebfp v\u00e0 c\u1ea3 c\u00e1c khu v\u1ef1c ngo\u00e0i tr\u1eddi.<\/p>\n<\/li>\n<\/ul>\n<hr data-start=\"1700\" data-end=\"1703\" \/>\n<h2 data-start=\"1705\" data-end=\"1728\">3. Th\u00f4ng s\u1ed1 k\u1ef9 thu\u1eadt<\/h2>\n<div class=\"_tableContainer_16hzy_1\">\n<div class=\"_tableWrapper_16hzy_14 group flex w-fit flex-col-reverse\" tabindex=\"-1\">\n<table class=\"w-fit min-w-(--thread-content-width)\" data-start=\"1730\" data-end=\"2338\">\n<thead data-start=\"1730\" data-end=\"1805\">\n<tr data-start=\"1730\" data-end=\"1805\">\n<th data-start=\"1730\" data-end=\"1755\" data-col-size=\"sm\">Th\u00f4ng tin<\/th>\n<th data-start=\"1755\" data-end=\"1805\" data-col-size=\"md\">Chi ti\u1ebft<\/th>\n<\/tr>\n<\/thead>\n<tbody data-start=\"1881\" data-end=\"2338\">\n<tr data-start=\"1881\" data-end=\"1956\">\n<td data-start=\"1881\" data-end=\"1906\" data-col-size=\"sm\">M\u00e3 s\u1ea3n ph\u1ea9m<\/td>\n<td data-col-size=\"md\" data-start=\"1906\" data-end=\"1956\">MONTE BIANCO<\/td>\n<\/tr>\n<tr data-start=\"1957\" data-end=\"2031\">\n<td data-start=\"1957\" data-end=\"1982\" data-col-size=\"sm\">Th\u01b0\u01a1ng hi\u1ec7u<\/td>\n<td data-col-size=\"md\" data-start=\"1982\" data-end=\"2031\">VASTA \u2013 \u0111\u00e1 nung k\u1ebft cao c\u1ea5p<\/td>\n<\/tr>\n<tr data-start=\"2032\" data-end=\"2107\">\n<td data-start=\"2032\" data-end=\"2057\" data-col-size=\"sm\">\u0110\u1ed9 d\u00e0y<\/td>\n<td data-col-size=\"md\" data-start=\"2057\" data-end=\"2107\">6mm, 12mm, 20mm<\/td>\n<\/tr>\n<tr data-start=\"2108\" data-end=\"2183\">\n<td data-start=\"2108\" data-end=\"2133\" data-col-size=\"sm\">K\u00edch th\u01b0\u1edbc ti\u00eau chu\u1ea9n<\/td>\n<td data-col-size=\"md\" data-start=\"2133\" data-end=\"2183\">3200x1600mm<\/td>\n<\/tr>\n<tr data-start=\"2184\" data-end=\"2258\">\n<td data-start=\"2184\" data-end=\"2209\" data-col-size=\"sm\">B\u1ec1 m\u1eb7t<\/td>\n<td data-col-size=\"md\" data-start=\"2209\" data-end=\"2258\">B\u00f3ng(Polished), B\u00f3ng m\u1edd(Polished Matt)<\/td>\n<\/tr>\n<tr data-start=\"2259\" data-end=\"2338\">\n<td data-start=\"2259\" data-end=\"2284\" data-col-size=\"sm\">\u1ee8ng d\u1ee5ng ph\u1ed5 bi\u1ebfn<\/td>\n<td data-col-size=\"md\" data-start=\"2284\" data-end=\"2338\">S\u00e0n, t\u01b0\u1eddng, m\u1eb7t b\u1ebfp, c\u1ea7u thang, m\u1eb7t ti\u1ec1n, showroom<\/td>\n<\/tr>\n<\/tbody>\n<\/table>\n<div class=\"sticky end-(--thread-content-margin) h-0 self-end select-none\">\n<div class=\"absolute end-0 flex items-end\"><\/div>\n<\/div>\n<\/div>\n<\/div>\n<hr data-start=\"2340\" data-end=\"2343\" \/>\n<h2 data-start=\"2345\" data-end=\"2384\">4. \u1ee8ng d\u1ee5ng l\u00fd t\u01b0\u1edfng c\u1ee7a MONTE BIANCO<\/h2>\n<h3>\u0110\u00e1 MONTE BIANCO c\u00f3 th\u1ec3 \u1ee9ng d\u1ee5ng trong nhi\u1ec1u kh\u00f4ng gian kh\u00e1c nhau, mang \u0111\u1ebfn m\u1ed9t n\u00e9t \u0111\u1eb9p tinh t\u1ebf v\u00e0 sang tr\u1ecdng:<\/h3>\n<h3 data-start=\"2386\" data-end=\"2431\">\u2705 L\u00e1t s\u00e0n v\u00e0 \u1ed1p t\u01b0\u1eddng<\/h3>\n<p data-start=\"2432\" data-end=\"2540\">T\u1ea1o \u0111i\u1ec3m nh\u1ea5n \u1ea5n t\u01b0\u1ee3ng cho ph\u00f2ng kh\u00e1ch, ph\u00f2ng ng\u1ee7 ho\u1eb7c c\u00e1c khu v\u1ef1c sinh ho\u1ea1t chung, th\u1ec3 hi\u1ec7n c\u00e1 t\u00ednh m\u1ea1nh m\u1ebd.<\/p>\n<h3 data-start=\"2542\" data-end=\"2569\">\u2705 B\u00e0n b\u1ebfp v\u00e0 m\u1eb7t b\u00e0n \u0111\u1ea3o<\/h3>\n<p data-start=\"2570\" data-end=\"2682\">V\u1ebb \u0111\u1eb9p t\u1ef1 nhi\u00ean v\u00e0 \u0111\u1ed9 b\u1ec1n cao l\u00e0m cho \u0111\u00e1 <strong>MONTE BIANCO<\/strong> tr\u1edf th\u00e0nh l\u1ef1a ch\u1ecdn ho\u00e0n h\u1ea3o, mang l\u1ea1i s\u1ef1 sang tr\u1ecdng v\u00e0 \u1ea5m c\u00fang cho kh\u00f4ng gian b\u1ebfp.<\/p>\n<h3 data-start=\"2684\" data-end=\"2716\">\u2705 Ph\u00f2ng t\u1eafm v\u00e0 khu v\u1ef1c \u1ea9m \u01b0\u1edbt<\/h3>\n<p data-start=\"2717\" data-end=\"2819\">V\u1edbi kh\u1ea3 n\u0103ng ch\u1ed1ng th\u1ea5m t\u1ed1t, \u0111\u00e1 <strong>MONTE BIANCO<\/strong> mang l\u1ea1i s\u1ef1 sang tr\u1ecdng, s\u1ea1ch s\u1ebd v\u00e0 \u1ea5m \u00e1p cho kh\u00f4ng gian ph\u00f2ng t\u1eafm.<\/p>\n<h3 data-start=\"2821\" data-end=\"2871\">\u2705 Trang tr\u00ed ngo\u1ea1i th\u1ea5t<\/h3>\n<p data-start=\"2872\" data-end=\"2944\">S\u1ea3n ph\u1ea9m c\u0169ng c\u00f3 th\u1ec3 \u0111\u01b0\u1ee3c d\u00f9ng cho c\u00e1c khu v\u1ef1c ngo\u00e0i tr\u1eddi nh\u01b0 s\u00e2n v\u01b0\u1eddn, ban c\u00f4ng hay m\u1eb7t ti\u1ec1n nh\u00e0, t\u1ea1o n\u00ean m\u1ed9t n\u00e9t \u0111\u1ed9c \u0111\u00e1o v\u00e0 kh\u00e1c bi\u1ec7t.<\/p>\n<hr data-start=\"2946\" data-end=\"2949\" \/>\n<h2 data-start=\"2951\" data-end=\"3002\">5. V\u00ec sao ch\u1ecdn DHLSTONE thi c\u00f4ng \u0111\u00e1 MONTE BIANCO?<\/h2>\n<ul data-start=\"3004\" data-end=\"3408\">\n<li data-start=\"3004\" data-end=\"3083\">\n<p data-start=\"3006\" data-end=\"3083\">\ud83d\udee0 <strong>Gia c\u00f4ng CNC bo c\u1ea1nh, kho\u00e9t ch\u1eadu, n\u1ed1i v\u00e2n chu\u1ea9n k\u1ef9 thu\u1eadt \u0111\u00e1 nung k\u1ebft<\/strong><\/p>\n<\/li>\n<li data-start=\"3084\" data-end=\"3178\">\n<p data-start=\"3086\" data-end=\"3178\">\ud83d\udc77\u200d\u2642\ufe0f <strong>\u0110\u1ed9i ng\u0169 chuy\u00ean thi c\u00f4ng \u0111\u00e1 VASTA<\/strong>, x\u1eed l\u00fd \u0111\u00fang k\u1ef9 thu\u1eadt \u2013 kh\u00f4ng v\u1ee1, kh\u00f4ng l\u1ec7ch m\u00e9p<\/p>\n<\/li>\n<li data-start=\"3179\" data-end=\"3260\">\n<p data-start=\"3181\" data-end=\"3260\">\ud83d\udce6 <strong>Kho h\u00e0ng t\u1ea1i TP.HCM lu\u00f4n c\u00f3 s\u1eb5n<\/strong> \u2013 h\u1ed7 tr\u1ee3 giao h\u00e0ng nhanh to\u00e0n mi\u1ec1n Nam<\/p>\n<\/li>\n<li data-start=\"3261\" data-end=\"3348\">\n<p data-start=\"3263\" data-end=\"3348\">\ud83d\uddbc <strong>T\u01b0 v\u1ea5n thi\u1ebft k\u1ebf \u2013 ph\u1ed1i c\u1ea3nh 3D \u2013 demo m\u1eabu th\u1ef1c t\u1ebf t\u1eadn n\u01a1i cho KTS \/ showroom<\/strong><\/p>\n<\/li>\n<li data-start=\"3349\" data-end=\"3408\">\n<p data-start=\"3351\" data-end=\"3408\">\ud83d\udd12 <strong>B\u1ea3o h\u00e0nh k\u1ef9 thu\u1eadt 5 n\u0103m \u2013 b\u1ea3o tr\u00ec n\u0103m \u0111\u1ea7u mi\u1ec5n ph\u00ed<\/strong><\/p>\n<\/li>\n<\/ul>\n<hr data-start=\"3410\" data-end=\"3413\" \/>\n<h2 data-start=\"3415\" data-end=\"3462\">6. Ph\u1ed1i c\u1ea3nh g\u1ee3i \u00fd v\u1edbi MONTE BIANCO<\/h2>\n<ul data-start=\"3464\" data-end=\"3799\">\n<li data-start=\"3464\" data-end=\"3553\">\n<p data-start=\"3466\" data-end=\"3553\"><strong>Phong c\u00e1ch c\u1ed5 \u0111i\u1ec3n (Classical)<\/strong>: K\u1ebft h\u1ee3p <strong>MONTE BIANCO<\/strong> v\u1edbi n\u1ed9i th\u1ea5t g\u1ed7 s\u1eabm m\u00e0u, \u0111\u00e8n ch\u00f9m pha l\u00ea v\u00e0 c\u00e1c chi ti\u1ebft m\u1ea1 v\u00e0ng \u0111\u1ec3 t\u1ea1o ra m\u1ed9t kh\u00f4ng gian sang tr\u1ecdng, quy\u1ec1n qu\u00fd.<\/p>\n<\/li>\n<li data-start=\"3554\" data-end=\"3641\">\n<p data-start=\"3556\" data-end=\"3641\"><strong>Phong c\u00e1ch hi\u1ec7n \u0111\u1ea1i (Modern)<\/strong>: S\u1eed d\u1ee5ng <strong>MONTE BIANCO<\/strong> c\u00f9ng v\u1edbi n\u1ed9i th\u1ea5t t\u1ed1i gi\u1ea3n, \u0111\u01b0\u1eddng n\u00e9t g\u1ecdn g\u00e0ng v\u00e0 c\u00e1c t\u00f4ng m\u00e0u trung t\u00ednh nh\u01b0 tr\u1eafng, x\u00e1m \u0111\u1ec3 t\u1ea1o ra m\u1ed9t kh\u00f4ng gian tinh t\u1ebf, thanh l\u1ecbch.<\/p>\n<\/li>\n<li data-start=\"3554\" data-end=\"3641\">\n<p data-start=\"3556\" data-end=\"3641\"><strong>Phong c\u00e1ch t\u1ed1i gi\u1ea3n (Minimalist)<\/strong>: M\u1ed9t b\u1ee9c t\u01b0\u1eddng \u1ed1p \u0111\u00e1 <strong>MONTE BIANCO<\/strong> l\u00e0m \u0111i\u1ec3m nh\u1ea5n duy nh\u1ea5t trong kh\u00f4ng gian t\u1ed1i gi\u1ea3n, mang \u0111\u1ebfn s\u1ef1 \u1ea5m \u00e1p v\u00e0 c\u00e1 t\u00ednh m\u00e0 kh\u00f4ng l\u00e0m r\u1ed1i m\u1eaft.<\/p>\n<\/li>\n<\/ul>\n<hr data-start=\"3801\" data-end=\"3804\" \/>\n<h2 data-start=\"3806\" data-end=\"3830\">7. C\u00e2u h\u1ecfi th\u01b0\u1eddng g\u1eb7p<\/h2>\n<p data-start=\"3832\" data-end=\"3974\"><strong>\u0110\u00e1 MONTE BIANCO c\u00f3 ph\u00f9 h\u1ee3p cho kh\u00f4ng gian ngo\u1ea1i th\u1ea5t kh\u00f4ng?<\/strong><\/p>\n<p data-start=\"3832\" data-end=\"3974\">\u2192\u0110\u00e1 <strong>MONTE BIANCO<\/strong> c\u00f3 \u0111\u1ed9 b\u1ec1n cao v\u00e0 kh\u1ea3 n\u0103ng ch\u1ecbu \u0111\u01b0\u1ee3c c\u00e1c y\u1ebfu t\u1ed1 th\u1eddi ti\u1ebft, do \u0111\u00f3 r\u1ea5t ph\u00f9 h\u1ee3p cho c\u00e1c kh\u00f4ng gian ngo\u1ea1i th\u1ea5t nh\u01b0 s\u00e2n v\u01b0\u1eddn, ban c\u00f4ng hay khu v\u1ef1c m\u1eb7t ti\u1ec1n.<\/p>\n<p><strong>Vi\u1ec7c v\u1ec7 sinh v\u00e0 b\u1ea3o d\u01b0\u1ee1ng \u0111\u00e1 MONTE BIANCO c\u00f3 d\u1ec5 d\u00e0ng kh\u00f4ng?<\/strong><\/p>\n<p>\u2192V\u1edbi b\u1ec1 m\u1eb7t nh\u1eb5n v\u00e0 kh\u1ea3 n\u0103ng ch\u1ed1ng th\u1ea5m, vi\u1ec7c v\u1ec7 sinh \u0111\u00e1 <strong>MONTE BIANCO<\/strong> r\u1ea5t \u0111\u01a1n gi\u1ea3n. B\u1ea1n ch\u1ec9 c\u1ea7n lau ch\u00f9i \u0111\u1ecbnh k\u1ef3 b\u1eb1ng n\u01b0\u1edbc s\u1ea1ch ho\u1eb7c dung d\u1ecbch t\u1ea9y r\u1eeda chuy\u00ean d\u1ee5ng \u0111\u1ec3 duy tr\u00ec v\u1ebb \u0111\u1eb9p c\u1ee7a \u0111\u00e1.<\/p>\n<p data-start=\"4115\" data-end=\"4254\"><strong>DHLSTONE c\u00f3 h\u1ed7 tr\u1ee3 showroom v\u00e0 ki\u1ebfn tr\u00fac s\u01b0 kh\u00f4ng?<\/strong><br data-start=\"4169\" data-end=\"4172\" \/>\u2192 C\u00f3. H\u1ed7 tr\u1ee3 g\u1eedi m\u1eabu, d\u1ef1ng ph\u1ed1i c\u1ea3nh 3D, chi\u1ebft kh\u1ea5u theo d\u1ef1 \u00e1n ho\u1eb7c theo s\u1ed1 l\u01b0\u1ee3ng.<\/p>\n<hr data-start=\"4256\" data-end=\"4259\" \/>\n<h2 data-start=\"4261\" data-end=\"4321\">8. Li\u00ean h\u1ec7 \u0111\u1eb7t h\u00e0ng &amp; t\u01b0 v\u1ea5n thi c\u00f4ng MONTE BIANCO<\/h2>\n<p data-start=\"4323\" data-end=\"4532\">\ud83d\udccd <strong>Showroom tr\u01b0ng b\u00e0y \u0111\u00e1 th\u1eadt<\/strong>:<br data-start=\"4357\" data-end=\"4360\" \/>459 QL1A, P. An Ph\u00fa \u0110\u00f4ng, Q.12, TP.HCM<br data-start=\"4398\" data-end=\"4401\" \/>\ud83d\udcde <strong>Hotline\/Zalo<\/strong>: 098 877 90 13<br data-start=\"4435\" data-end=\"4438\" \/>\ud83c\udf10 <strong>Website<\/strong>: <a class=\"\" href=\"https:\/\/dhlstone.com\" target=\"_new\" rel=\"noopener\" data-start=\"4454\" data-end=\"4498\">https:\/\/dhlstone.com<\/a><br data-start=\"4498\" data-end=\"4501\" \/>\ud83d\udce9 <strong>Email<\/strong>: admin<a class=\"cursor-pointer\" rel=\"noopener\" data-start=\"4515\" data-end=\"4532\">@dhlstone.com<\/a><\/p>\n<hr data-start=\"4534\" data-end=\"4537\" \/>\n<p data-start=\"620\" data-end=\"700\"><strong>MONTE BIANCO &#8211; V\u1ebb \u0111\u1eb9p c\u1ee7a s\u1ef1 tinh khi\u1ebft v\u00e0 \u0111\u1ec9nh cao<\/strong>, l\u00e0 l\u1ef1a ch\u1ecdn l\u00fd t\u01b0\u1edfng cho nh\u1eefng kh\u00f4ng gian c\u1ea7n chi\u1ec1u s\u00e2u, c\u00e1 t\u00ednh v\u00e0 \u0111\u1ed9 b\u1ec1n v\u01b0\u1ee3t th\u1eddi gian.<br data-start=\"4731\" data-end=\"4734\" \/>\ud83d\udc49 Thi c\u00f4ng \u0111\u00fang chu\u1ea9n, th\u1ea9m m\u1ef9 ho\u00e0n thi\u1ec7n \u2013 ch\u1ec9 c\u00f3 t\u1ea1i <strong>DHLSTONE<\/strong>.<\/p>\n","protected":false},"excerpt":{"rendered":"<p>MONTE BIANCO \u2013 \u0110\u00e1 nung k\u1ebft VASTA s\u1eafc \u0111\u00e1 n\u00fai nguy\u00ean b\u1ea3n | Ph\u00e2n ph\u1ed1i &amp; Thi c\u00f4ng ch\u00ednh h\u00e3ng b\u1edfi DHLSTONE M\u00e3 s\u1ea3n ph\u1ea9m: MONTE BIANCOTh\u01b0\u01a1ng hi\u1ec7u: VASTA \u2013 \u0110\u00e1 nung k\u1ebft cao c\u1ea5pPh\u00e2n ph\u1ed1i &amp; thi c\u00f4ng: DHLSTONE \u2013 \u0111\u1ed1i t\u00e1c chi\u1ebfn l\u01b0\u1ee3c t\u1ea1i mi\u1ec1n Nam Vi\u1ec7t Nam 1. MONTE BIANCO &#8211; V\u1ebb [&hellip;]<\/p>\n","protected":false},"featured_media":880,"comment_status":"open","ping_status":"closed","template":"","meta":[],"product_brand":[80,81],"product_cat":[61],"product_tag":[82,84,86,83],"class_list":{"0":"post-879","1":"product","2":"type-product","3":"status-publish","4":"has-post-thumbnail","6":"product_brand-dhl","7":"product_brand-vasta","8":"product_cat-https-www-dhlstone-com-post_typeproduct","9":"product_tag-da-nung-ket","10":"product_tag-dhl","11":"product_tag-hang-viet-nam","12":"product_tag-vasta","14":"first","15":"instock","16":"shipping-taxable","17":"product-type-simple"},"_links":{"self":[{"href":"https:\/\/www.dhlstone.com\/index.php?rest_route=\/wp\/v2\/product\/879","targetHints":{"allow":["GET"]}}],"collection":[{"href":"https:\/\/www.dhlstone.com\/index.php?rest_route=\/wp\/v2\/product"}],"about":[{"href":"https:\/\/www.dhlstone.com\/index.php?rest_route=\/wp\/v2\/types\/product"}],"replies":[{"embeddable":true,"href":"https:\/\/www.dhlstone.com\/index.php?rest_route=%2Fwp%2Fv2%2Fcomments&post=879"}],"wp:featuredmedia":[{"embeddable":true,"href":"https:\/\/www.dhlstone.com\/index.php?rest_route=\/wp\/v2\/media\/880"}],"wp:attachment":[{"href":"https:\/\/www.dhlstone.com\/index.php?rest_route=%2Fwp%2Fv2%2Fmedia&parent=879"}],"wp:term":[{"taxonomy":"product_brand","embeddable":true,"href":"https:\/\/www.dhlstone.com\/index.php?rest_route=%2Fwp%2Fv2%2Fproduct_brand&post=879"},{"taxonomy":"product_cat","embeddable":true,"href":"https:\/\/www.dhlstone.com\/index.php?rest_route=%2Fwp%2Fv2%2Fproduct_cat&post=879"},{"taxonomy":"product_tag","embeddable":true,"href":"https:\/\/www.dhlstone.com\/index.php?rest_route=%2Fwp%2Fv2%2Fproduct_tag&post=879"}],"curies":[{"name":"wp","href":"https:\/\/api.w.org\/{rel}","templated":true}]}}